{"id":200,"date":"2020-11-25T06:01:21","date_gmt":"2020-11-25T06:01:21","guid":{"rendered":"https:\/\/test.dialysisvallarta.com\/home\/"},"modified":"2020-12-12T08:13:43","modified_gmt":"2020-12-12T08:13:43","slug":"home","status":"publish","type":"page","link":"https:\/\/test.dialysisvallarta.com\/es\/","title":{"rendered":"Reciba el mejor tratamiento de hemodi\u00e1lisis durante su estancia en Puerto Vallarta"},"content":{"rendered":"\n<div class=\"wp-block-group home-highlights bg-primary text-white text-center pt-4 pb-4\"><div class=\"wp-block-group__inner-container is-layout-flow wp-block-group-is-layout-flow\">\n<h2 class=\"wp-block-heading\">Lo que nos diferenc\u00eda en Dialysis Vallarta<\/h2>\n\n\n\n<div class=\"wp-block-columns container is-layout-flex wp-container-core-columns-is-layout-9d6595d7 wp-block-columns-is-layout-flex\">\n<div class=\"wp-block-column is-layout-flow wp-block-column-is-layout-flow\">\n<svg width=\"2em\" height=\"3em\" viewBox=\"0 0 16 16\" class=\"bi bi-file-earmark-medical\" fill=\"currentColor\" xmlns=\"http:\/\/www.w3.org\/2000\/svg\">\n  <path d=\"M4 0h5.5v1H4a1 1 0 0 0-1 1v12a1 1 0 0 0 1 1h8a1 1 0 0 0 1-1V4.5h1V14a2 2 0 0 1-2 2H4a2 2 0 0 1-2-2V2a2 2 0 0 1 2-2z\"><\/path>\n  <path d=\"M9.5 3V0L14 4.5h-3A1.5 1.5 0 0 1 9.5 3z\"><\/path>\n  <path fill-rule=\"evenodd\" d=\"M7 5a.5.5 0 0 1 .5.5v.634l.549-.317a.5.5 0 1 1 .5.866L8 7l.549.317a.5.5 0 1 1-.5.866L7.5 7.866V8.5a.5.5 0 0 1-1 0v-.634l-.549.317a.5.5 0 1 1-.5-.866L6 7l-.549-.317a.5.5 0 0 1 .5-.866l.549.317V5.5A.5.5 0 0 1 7 5zm-2 5.5a.5.5 0 0 1 .5-.5h5a.5.5 0 0 1 0 1h-5a.5.5 0 0 1-.5-.5zm0 2a.5.5 0 0 1 .5-.5h5a.5.5 0 0 1 0 1h-5a.5.5 0 0 1-.5-.5z\"><\/path>\n<\/svg>\n\n\n\n<h3 class=\"wp-block-heading\"><strong>Aceptamos casi todos los seguros<\/strong><\/h3>\n\n\n\n<p>Aproveche su seguro mientras vacaciona en Puerto Vallarta<\/p>\n<\/div>\n\n\n\n<div class=\"wp-block-column is-layout-flow wp-block-column-is-layout-flow\">\n<svg width=\"2em\" height=\"2em\" viewBox=\"0 0 16 16\" class=\"bi bi-shield-check\" fill=\"currentColor\" xmlns=\"http:\/\/www.w3.org\/2000\/svg\">\n  <path fill-rule=\"evenodd\" d=\"M5.443 1.991a60.17 60.17 0 0 0-2.725.802.454.454 0 0 0-.315.366C1.87 7.056 3.1 9.9 4.567 11.773c.736.94 1.533 1.636 2.197 2.093.333.228.626.394.857.5.116.053.21.089.282.11A.73.73 0 0 0 8 14.5c.007-.001.038-.005.097-.023.072-.022.166-.058.282-.111.23-.106.525-.272.857-.5a10.197 10.197 0 0 0 2.197-2.093C12.9 9.9 14.13 7.056 13.597 3.159a.454.454 0 0 0-.315-.366c-.626-.2-1.682-.526-2.725-.802C9.491 1.71 8.51 1.5 8 1.5c-.51 0-1.49.21-2.557.491zm-.256-.966C6.23.749 7.337.5 8 .5c.662 0 1.77.249 2.813.525a61.09 61.09 0 0 1 2.772.815c.528.168.926.623 1.003 1.184.573 4.197-.756 7.307-2.367 9.365a11.191 11.191 0 0 1-2.418 2.3 6.942 6.942 0 0 1-1.007.586c-.27.124-.558.225-.796.225s-.526-.101-.796-.225a6.908 6.908 0 0 1-1.007-.586 11.192 11.192 0 0 1-2.417-2.3C2.167 10.331.839 7.221 1.412 3.024A1.454 1.454 0 0 1 2.415 1.84a61.11 61.11 0 0 1 2.772-.815z\"><\/path>\n  <path fill-rule=\"evenodd\" d=\"M10.854 6.146a.5.5 0 0 1 0 .708l-3 3a.5.5 0 0 1-.708 0l-1.5-1.5a.5.5 0 1 1 .708-.708L7.5 8.793l2.646-2.647a.5.5 0 0 1 .708 0z\"><\/path>\n<\/svg>\n\n\n\n<h3 class=\"wp-block-heading\"><strong>Hospitales <strong>Certif<\/strong><\/strong>icados<\/h3>\n\n\n\n<p>Brindamos tratamiento de hemodi\u00e1lisis en instalaciones de primera clase<\/p>\n<\/div>\n\n\n\n<div class=\"wp-block-column is-layout-flow wp-block-column-is-layout-flow\">\n<svg width=\"2em\" height=\"2em\" viewBox=\"0 0 16 16\" class=\"bi bi-person-check\" fill=\"currentColor\" xmlns=\"http:\/\/www.w3.org\/2000\/svg\">\n  <path fill-rule=\"evenodd\" d=\"M8 5a2 2 0 1 1-4 0 2 2 0 0 1 4 0zM6 8a3 3 0 1 0 0-6 3 3 0 0 0 0 6zm6 5c0 1-1 1-1 1H1s-1 0-1-1 1-4 6-4 6 3 6 4zm-1-.004c-.001-.246-.154-.986-.832-1.664C9.516 10.68 8.289 10 6 10c-2.29 0-3.516.68-4.168 1.332-.678.678-.83 1.418-.832 1.664h10zm4.854-7.85a.5.5 0 0 1 0 .708l-3 3a.5.5 0 0 1-.708 0l-1.5-1.5a.5.5 0 0 1 .708-.708L12.5 7.793l2.646-2.647a.5.5 0 0 1 .708 0z\"><\/path>\n<\/svg>\n\n\n\n<h3 class=\"wp-block-heading\"><strong>Personal altamente calificado<\/strong><\/h3>\n\n\n\n<p>Nuestro equipo tiene m\u00e1s de 8 a\u00f1os de experiencia en tratamientos de nefrolog\u00eda<\/p>\n<\/div>\n<\/div>\n<\/div><\/div>\n","protected":false},"excerpt":{"rendered":"<p>Lo que nos diferenc\u00eda en Dialysis Vallarta Aceptamos casi todos los seguros Aproveche su seguro mientras vacaciona en Puerto Vallarta Hospitales Certificados Brindamos tratamiento de hemodi\u00e1lisis en instalaciones de primera clase Personal altamente calificado Nuestro equipo tiene m\u00e1s de 8 a\u00f1os de experiencia en tratamientos de nefrolog\u00eda<\/p>\n","protected":false},"author":1,"featured_media":330,"parent":0,"menu_order":0,"comment_status":"closed","ping_status":"closed","template":"","meta":{"_acf_changed":false,"footnotes":""},"class_list":["post-200","page","type-page","status-publish","has-post-thumbnail","hentry"],"acf":[],"yoast_head":"<!-- This site is optimized with the Yoast SEO plugin v26.5 - https:\/\/yoast.com\/wordpress\/plugins\/seo\/ -->\n<title>Reciba el mejor tratamiento de hemodi\u00e1lisis durante su estancia en Puerto Vallarta - Dialysis Vallarta<\/title>\n<meta name=\"robots\" content=\"index, follow, max-snippet:-1, max-image-preview:large, max-video-preview:-1\" \/>\n<link rel=\"canonical\" href=\"https:\/\/test.dialysisvallarta.com\/es\/\" \/>\n<meta property=\"og:locale\" content=\"es_ES\" \/>\n<meta property=\"og:type\" content=\"article\" \/>\n<meta property=\"og:title\" content=\"Reciba el mejor tratamiento de hemodi\u00e1lisis durante su estancia en Puerto Vallarta - Dialysis Vallarta\" \/>\n<meta property=\"og:description\" content=\"Lo que nos diferenc\u00eda en Dialysis Vallarta Aceptamos casi todos los seguros Aproveche su seguro mientras vacaciona en Puerto Vallarta Hospitales Certificados Brindamos tratamiento de hemodi\u00e1lisis en instalaciones de primera clase Personal altamente calificado Nuestro equipo tiene m\u00e1s de 8 a\u00f1os de experiencia en tratamientos de nefrolog\u00eda\" \/>\n<meta property=\"og:url\" content=\"https:\/\/test.dialysisvallarta.com\/es\/\" \/>\n<meta property=\"og:site_name\" content=\"Dialysis Vallarta\" \/>\n<meta property=\"article:publisher\" content=\"https:\/\/www.facebook.com\/dialysisvallarta\" \/>\n<meta property=\"article:modified_time\" content=\"2020-12-12T08:13:43+00:00\" \/>\n<meta property=\"og:image\" content=\"https:\/\/test.dialysisvallarta.com\/wp-content\/uploads\/2020\/11\/homebanner.jpg\" \/>\n\t<meta property=\"og:image:width\" content=\"2462\" \/>\n\t<meta property=\"og:image:height\" content=\"960\" \/>\n\t<meta property=\"og:image:type\" content=\"image\/jpeg\" \/>\n<meta name=\"twitter:card\" content=\"summary_large_image\" \/>\n<script type=\"application\/ld+json\" class=\"yoast-schema-graph\">{\"@context\":\"https:\/\/schema.org\",\"@graph\":[{\"@type\":\"WebPage\",\"@id\":\"https:\/\/test.dialysisvallarta.com\/es\/\",\"url\":\"https:\/\/test.dialysisvallarta.com\/es\/\",\"name\":\"Reciba el mejor tratamiento de hemodi\u00e1lisis durante su estancia en Puerto Vallarta - Dialysis Vallarta\",\"isPartOf\":{\"@id\":\"https:\/\/test.dialysisvallarta.com\/#website\"},\"primaryImageOfPage\":{\"@id\":\"https:\/\/test.dialysisvallarta.com\/es\/#primaryimage\"},\"image\":{\"@id\":\"https:\/\/test.dialysisvallarta.com\/es\/#primaryimage\"},\"thumbnailUrl\":\"https:\/\/test.dialysisvallarta.com\/wp-content\/uploads\/2026\/04\/dialysis-pvr-e1775070512720.jpg\",\"datePublished\":\"2020-11-25T06:01:21+00:00\",\"dateModified\":\"2020-12-12T08:13:43+00:00\",\"breadcrumb\":{\"@id\":\"https:\/\/test.dialysisvallarta.com\/es\/#breadcrumb\"},\"inLanguage\":\"es\",\"potentialAction\":[{\"@type\":\"ReadAction\",\"target\":[\"https:\/\/test.dialysisvallarta.com\/es\/\"]}]},{\"@type\":\"ImageObject\",\"inLanguage\":\"es\",\"@id\":\"https:\/\/test.dialysisvallarta.com\/es\/#primaryimage\",\"url\":\"https:\/\/test.dialysisvallarta.com\/wp-content\/uploads\/2026\/04\/dialysis-pvr-e1775070512720.jpg\",\"contentUrl\":\"https:\/\/test.dialysisvallarta.com\/wp-content\/uploads\/2026\/04\/dialysis-pvr-e1775070512720.jpg\",\"width\":1900,\"height\":1267},{\"@type\":\"BreadcrumbList\",\"@id\":\"https:\/\/test.dialysisvallarta.com\/es\/#breadcrumb\",\"itemListElement\":[{\"@type\":\"ListItem\",\"position\":1,\"name\":\"Home\",\"item\":\"https:\/\/test.dialysisvallarta.com\/es\/\"},{\"@type\":\"ListItem\",\"position\":2,\"name\":\"Reciba el mejor tratamiento de hemodi\u00e1lisis durante su estancia en Puerto Vallarta\"}]},{\"@type\":\"WebSite\",\"@id\":\"https:\/\/test.dialysisvallarta.com\/#website\",\"url\":\"https:\/\/test.dialysisvallarta.com\/\",\"name\":\"Dialysis Vallarta\",\"description\":\"Get the best hemodialysis treatment in Puerto Vallarta\",\"publisher\":{\"@id\":\"https:\/\/test.dialysisvallarta.com\/#organization\"},\"potentialAction\":[{\"@type\":\"SearchAction\",\"target\":{\"@type\":\"EntryPoint\",\"urlTemplate\":\"https:\/\/test.dialysisvallarta.com\/?s={search_term_string}\"},\"query-input\":{\"@type\":\"PropertyValueSpecification\",\"valueRequired\":true,\"valueName\":\"search_term_string\"}}],\"inLanguage\":\"es\"},{\"@type\":\"Organization\",\"@id\":\"https:\/\/test.dialysisvallarta.com\/#organization\",\"name\":\"Dialysis Vallarta\",\"url\":\"https:\/\/test.dialysisvallarta.com\/\",\"logo\":{\"@type\":\"ImageObject\",\"inLanguage\":\"es\",\"@id\":\"https:\/\/test.dialysisvallarta.com\/#\/schema\/logo\/image\/\",\"url\":\"https:\/\/test.dialysisvallarta.com\/wp-content\/uploads\/2020\/12\/DialysisVallarta-logo.png\",\"contentUrl\":\"https:\/\/test.dialysisvallarta.com\/wp-content\/uploads\/2020\/12\/DialysisVallarta-logo.png\",\"width\":207,\"height\":28,\"caption\":\"Dialysis Vallarta\"},\"image\":{\"@id\":\"https:\/\/test.dialysisvallarta.com\/#\/schema\/logo\/image\/\"},\"sameAs\":[\"https:\/\/www.facebook.com\/dialysisvallarta\"]}]}<\/script>\n<!-- \/ Yoast SEO plugin. -->","yoast_head_json":{"title":"Reciba el mejor tratamiento de hemodi\u00e1lisis durante su estancia en Puerto Vallarta - Dialysis Vallarta","robots":{"index":"index","follow":"follow","max-snippet":"max-snippet:-1","max-image-preview":"max-image-preview:large","max-video-preview":"max-video-preview:-1"},"canonical":"https:\/\/test.dialysisvallarta.com\/es\/","og_locale":"es_ES","og_type":"article","og_title":"Reciba el mejor tratamiento de hemodi\u00e1lisis durante su estancia en Puerto Vallarta - Dialysis Vallarta","og_description":"Lo que nos diferenc\u00eda en Dialysis Vallarta Aceptamos casi todos los seguros Aproveche su seguro mientras vacaciona en Puerto Vallarta Hospitales Certificados Brindamos tratamiento de hemodi\u00e1lisis en instalaciones de primera clase Personal altamente calificado Nuestro equipo tiene m\u00e1s de 8 a\u00f1os de experiencia en tratamientos de nefrolog\u00eda","og_url":"https:\/\/test.dialysisvallarta.com\/es\/","og_site_name":"Dialysis Vallarta","article_publisher":"https:\/\/www.facebook.com\/dialysisvallarta","article_modified_time":"2020-12-12T08:13:43+00:00","og_image":[{"width":2462,"height":960,"url":"https:\/\/test.dialysisvallarta.com\/wp-content\/uploads\/2020\/11\/homebanner.jpg","type":"image\/jpeg"}],"twitter_card":"summary_large_image","schema":{"@context":"https:\/\/schema.org","@graph":[{"@type":"WebPage","@id":"https:\/\/test.dialysisvallarta.com\/es\/","url":"https:\/\/test.dialysisvallarta.com\/es\/","name":"Reciba el mejor tratamiento de hemodi\u00e1lisis durante su estancia en Puerto Vallarta - Dialysis Vallarta","isPartOf":{"@id":"https:\/\/test.dialysisvallarta.com\/#website"},"primaryImageOfPage":{"@id":"https:\/\/test.dialysisvallarta.com\/es\/#primaryimage"},"image":{"@id":"https:\/\/test.dialysisvallarta.com\/es\/#primaryimage"},"thumbnailUrl":"https:\/\/test.dialysisvallarta.com\/wp-content\/uploads\/2026\/04\/dialysis-pvr-e1775070512720.jpg","datePublished":"2020-11-25T06:01:21+00:00","dateModified":"2020-12-12T08:13:43+00:00","breadcrumb":{"@id":"https:\/\/test.dialysisvallarta.com\/es\/#breadcrumb"},"inLanguage":"es","potentialAction":[{"@type":"ReadAction","target":["https:\/\/test.dialysisvallarta.com\/es\/"]}]},{"@type":"ImageObject","inLanguage":"es","@id":"https:\/\/test.dialysisvallarta.com\/es\/#primaryimage","url":"https:\/\/test.dialysisvallarta.com\/wp-content\/uploads\/2026\/04\/dialysis-pvr-e1775070512720.jpg","contentUrl":"https:\/\/test.dialysisvallarta.com\/wp-content\/uploads\/2026\/04\/dialysis-pvr-e1775070512720.jpg","width":1900,"height":1267},{"@type":"BreadcrumbList","@id":"https:\/\/test.dialysisvallarta.com\/es\/#breadcrumb","itemListElement":[{"@type":"ListItem","position":1,"name":"Home","item":"https:\/\/test.dialysisvallarta.com\/es\/"},{"@type":"ListItem","position":2,"name":"Reciba el mejor tratamiento de hemodi\u00e1lisis durante su estancia en Puerto Vallarta"}]},{"@type":"WebSite","@id":"https:\/\/test.dialysisvallarta.com\/#website","url":"https:\/\/test.dialysisvallarta.com\/","name":"Dialysis Vallarta","description":"Get the best hemodialysis treatment in Puerto Vallarta","publisher":{"@id":"https:\/\/test.dialysisvallarta.com\/#organization"},"potentialAction":[{"@type":"SearchAction","target":{"@type":"EntryPoint","urlTemplate":"https:\/\/test.dialysisvallarta.com\/?s={search_term_string}"},"query-input":{"@type":"PropertyValueSpecification","valueRequired":true,"valueName":"search_term_string"}}],"inLanguage":"es"},{"@type":"Organization","@id":"https:\/\/test.dialysisvallarta.com\/#organization","name":"Dialysis Vallarta","url":"https:\/\/test.dialysisvallarta.com\/","logo":{"@type":"ImageObject","inLanguage":"es","@id":"https:\/\/test.dialysisvallarta.com\/#\/schema\/logo\/image\/","url":"https:\/\/test.dialysisvallarta.com\/wp-content\/uploads\/2020\/12\/DialysisVallarta-logo.png","contentUrl":"https:\/\/test.dialysisvallarta.com\/wp-content\/uploads\/2020\/12\/DialysisVallarta-logo.png","width":207,"height":28,"caption":"Dialysis Vallarta"},"image":{"@id":"https:\/\/test.dialysisvallarta.com\/#\/schema\/logo\/image\/"},"sameAs":["https:\/\/www.facebook.com\/dialysisvallarta"]}]}},"_links":{"self":[{"href":"https:\/\/test.dialysisvallarta.com\/es\/wp-json\/wp\/v2\/pages\/200","targetHints":{"allow":["GET"]}}],"collection":[{"href":"https:\/\/test.dialysisvallarta.com\/es\/wp-json\/wp\/v2\/pages"}],"about":[{"href":"https:\/\/test.dialysisvallarta.com\/es\/wp-json\/wp\/v2\/types\/page"}],"author":[{"embeddable":true,"href":"https:\/\/test.dialysisvallarta.com\/es\/wp-json\/wp\/v2\/users\/1"}],"replies":[{"embeddable":true,"href":"https:\/\/test.dialysisvallarta.com\/es\/wp-json\/wp\/v2\/comments?post=200"}],"version-history":[{"count":2,"href":"https:\/\/test.dialysisvallarta.com\/es\/wp-json\/wp\/v2\/pages\/200\/revisions"}],"predecessor-version":[{"id":203,"href":"https:\/\/test.dialysisvallarta.com\/es\/wp-json\/wp\/v2\/pages\/200\/revisions\/203"}],"wp:featuredmedia":[{"embeddable":true,"href":"https:\/\/test.dialysisvallarta.com\/es\/wp-json\/wp\/v2\/media\/330"}],"wp:attachment":[{"href":"https:\/\/test.dialysisvallarta.com\/es\/wp-json\/wp\/v2\/media?parent=200"}],"curies":[{"name":"wp","href":"https:\/\/api.w.org\/{rel}","templated":true}]}}